{"id":46,"date":"2023-04-03T20:56:47","date_gmt":"2023-04-03T18:56:47","guid":{"rendered":"https:\/\/istitutobuenosaires.esteri.it\/?page_id=46"},"modified":"2023-09-25T12:24:35","modified_gmt":"2023-09-25T09:24:35","slug":"biblioteca","status":"publish","type":"page","link":"https:\/\/iicaddisabeba.esteri.it\/it\/lingua-e-cultura\/biblioteca\/","title":{"rendered":"Biblioteca"},"content":{"rendered":"<p><strong>Biblioteca dell&#8217; Istituto Italiano di Cultura di Addis Abeba<\/strong><br \/>\n<em>12 mila opere &#8211; 100 aree tematiche &#8211; Videoteca &#8211; Saletta di lettura attrezzata<br \/>\n<\/em><\/p>\n<p><strong>La Biblioteca dell&#8217;Istituto di Cultura\u00a0 dispone di un<\/strong> <strong>catalogo online<\/strong><\/p>\n<p>L\u2019utente vi pu\u00f2 effettuare le seguenti operazioni:<br \/>\n\u2022 ricerche semplici o avanzate (ad es. per titolo o per autore)<br \/>\n\u2022 prendere visione delle nuove acquisizioni;<br \/>\n\u2022 compilare liste bibliografiche ed inviarle per posta elettronica a diversi destinatari;<br \/>\n\u2022 proporre nuovi acquisti;<br \/>\n\u2022 ottenere informazioni e dati statistici sulla biblioteca;<br \/>\n\u2022 accedere alle risorse virtuali di lingua, letteratura e cultura italiana disponibili su internet.<\/p>\n<p>&nbsp;<\/p>\n<hr \/>\n<p><strong>Orari della Biblioteca:<\/strong><\/p>\n<p>La biblioteca \u00e8 aperta ogni <strong>luned\u00ec, mercoled\u00ec<\/strong> e <strong>venerd\u00ec<\/strong> dalle ore <strong>10.00<\/strong> alle ore <strong>12.00<\/strong> per prestito, lettura e consultazione del materiale librario in dotazione.<br \/>\nGli utenti potranno accedere alla biblioteca ogni <strong>marted\u00ec<\/strong> e <strong>gioved\u00ec<\/strong>\u00a0dalle <strong>14.30<\/strong> alle <strong>15.30<\/strong> previa prenotazione tramite mail (<a href=\"mailto:iicaddisabeba@esteri.it\">iicaddisabeba@esteri.it<\/a>) o telefono (011 1553427).<\/p>\n<p><span class=\"titoloNotizia\">\u00a0<\/span><\/p>\n","protected":false},"excerpt":{"rendered":"Biblioteca dell&#8217; Istituto Italiano di Cultura di Addis Abeba 12 mila opere &#8211; 100 aree tematiche &#8211; Videoteca &#8211; Saletta di lettura attrezzata La Biblioteca dell&#8217;Istituto di Cultura\u00a0 dispone di un catalogo online L\u2019utente vi pu\u00f2 effettuare le seguenti operazioni: \u2022 ricerche semplici o avanzate (ad es. per titolo o per autore) \u2022 prendere visione [&hellip;]","protected":false},"author":1,"featured_media":0,"parent":16,"menu_order":10,"comment_status":"closed","ping_status":"closed","template":"","meta":{"footnotes":""},"class_list":["post-46","page","type-page","status-publish","hentry"],"_links":{"self":[{"href":"https:\/\/iicaddisabeba.esteri.it\/it\/wp-json\/wp\/v2\/pages\/46","targetHints":{"allow":["GET"]}}],"collection":[{"href":"https:\/\/iicaddisabeba.esteri.it\/it\/wp-json\/wp\/v2\/pages"}],"about":[{"href":"https:\/\/iicaddisabeba.esteri.it\/it\/wp-json\/wp\/v2\/types\/page"}],"author":[{"embeddable":true,"href":"https:\/\/iicaddisabeba.esteri.it\/it\/wp-json\/wp\/v2\/users\/1"}],"replies":[{"embeddable":true,"href":"https:\/\/iicaddisabeba.esteri.it\/it\/wp-json\/wp\/v2\/comments?post=46"}],"version-history":[{"count":4,"href":"https:\/\/iicaddisabeba.esteri.it\/it\/wp-json\/wp\/v2\/pages\/46\/revisions"}],"predecessor-version":[{"id":194,"href":"https:\/\/iicaddisabeba.esteri.it\/it\/wp-json\/wp\/v2\/pages\/46\/revisions\/194"}],"up":[{"embeddable":true,"href":"https:\/\/iicaddisabeba.esteri.it\/it\/wp-json\/wp\/v2\/pages\/16"}],"wp:attachment":[{"href":"https:\/\/iicaddisabeba.esteri.it\/it\/wp-json\/wp\/v2\/media?parent=46"}],"curies":[{"name":"wp","href":"https:\/\/api.w.org\/{rel}","templated":true}]}}