{"id":41,"date":"2023-04-03T20:55:21","date_gmt":"2023-04-03T18:55:21","guid":{"rendered":"https:\/\/istitutobuenosaires.esteri.it\/?page_id=41"},"modified":"2024-10-04T11:15:51","modified_gmt":"2024-10-04T08:15:51","slug":"contatti","status":"publish","type":"page","link":"https:\/\/iicaddisabeba.esteri.it\/it\/chi-siamo\/contatti\/","title":{"rendered":"Contatti"},"content":{"rendered":"<p><span class=\"titoloRosso\">Istituto Italiano di Cultura di Addis Abeba<br \/>\n<\/span>Belai Zelleke Str.<br \/>\n<strong>P.O.Box1635 Addis Abeba \u2013 Etiopia<\/strong><\/p>\n<p><span class=\"titoloRosso\">e-mail:\u00a0<a href=\"mailto:iicaddisabeba@esteri.it\">iicaddisabeba@esteri.it<\/a><\/span><\/p>\n<p><span class=\"titoloRosso\">PEC:\u00a0<a href=\"mailto:iic.addisabeba@cert.esteri.it\">iic.addisabeba@cert.esteri.it<\/a>\u00a0INDIRIZZO ABILITATO ESCLUSIVAMENTE ALLA RICEZIONE DI POSTA CERTIFICATA (PEC)<br \/>\n<\/span><br \/>\n<strong>tel:<\/strong>\u00a0+251-11- 155 34 27;\u00a0+251-11- 157 30 80<\/p>\n<p><strong>fax:<\/strong>\u00a0+251-11- 155 22 86<\/p>\n<p><strong>Orario Ufficio e Biblioteca:<\/strong><br \/>\nLuned\u00ec, mercoled\u00ec e venerd\u00ec: 9:00 &#8211; 12:30<br \/>\nMarted\u00ec e gioved\u00ec: 15:00 &#8211; 17:30<\/p>\n<p>&nbsp;<\/p>\n<header class=\"entry-header\">\n<h1 class=\"entry-title h3\">Calendario delle festivit\u00e0<\/h1>\n<\/header>\n<div class=\"entry-content\">\n<p><strong>Festivit\u00e0 osservate dall\u2019 Istituto Italiano di Cultura per l\u2019anno 2024<\/strong><\/p>\n<ul>\n<li>Luned\u00ec 1 gennaio \u2013 Capodanno<\/li>\n<li>Sabato 20 gennaio \u2013 Timkat (Epifania Etiopica)<\/li>\n<li>Luned\u00ec 1 aprile \u2013 Luned\u00ec dell\u2019Angelo<\/li>\n<li>Gioved\u00ec 25 aprile \u2013 Festa della Liberazione<\/li>\n<li>Mercoled\u00ec 1 maggio \u2013 Festa del Lavoro<\/li>\n<li>Marted\u00ec 28 maggio \u2013 Festa Nazionale Etiopica<\/li>\n<li>Domenica 2 giugno \u2013 Festa della Repubblica Italiana<\/li>\n<li>Mercoled\u00ec 11 settembre \u2013 Capodanno Etiopico<\/li>\n<li>Venerd\u00ec 27 settembre \u2013 Meskel (Festa della Croce)<\/li>\n<li>Mercoled\u00ec 25 dicembre \u2013 Natale<\/li>\n<li>Gioved\u00ec 26 dicembre \u2013 Santo Stefano<\/li>\n<\/ul>\n<\/div>\n","protected":false},"excerpt":{"rendered":"Istituto Italiano di Cultura di Addis Abeba Belai Zelleke Str. P.O.Box1635 Addis Abeba \u2013 Etiopia e-mail:\u00a0iicaddisabeba@esteri.it PEC:\u00a0iic.addisabeba@cert.esteri.it\u00a0INDIRIZZO ABILITATO ESCLUSIVAMENTE ALLA RICEZIONE DI POSTA CERTIFICATA (PEC) tel:\u00a0+251-11- 155 34 27;\u00a0+251-11- 157 30 80 fax:\u00a0+251-11- 155 22 86 Orario Ufficio e Biblioteca: Luned\u00ec, mercoled\u00ec e venerd\u00ec: 9:00 &#8211; 12:30 Marted\u00ec e gioved\u00ec: 15:00 &#8211; 17:30 &nbsp; Calendario [&hellip;]","protected":false},"author":1,"featured_media":0,"parent":15,"menu_order":4,"comment_status":"closed","ping_status":"closed","template":"","meta":{"footnotes":""},"class_list":["post-41","page","type-page","status-publish","hentry"],"_links":{"self":[{"href":"https:\/\/iicaddisabeba.esteri.it\/it\/wp-json\/wp\/v2\/pages\/41","targetHints":{"allow":["GET"]}}],"collection":[{"href":"https:\/\/iicaddisabeba.esteri.it\/it\/wp-json\/wp\/v2\/pages"}],"about":[{"href":"https:\/\/iicaddisabeba.esteri.it\/it\/wp-json\/wp\/v2\/types\/page"}],"author":[{"embeddable":true,"href":"https:\/\/iicaddisabeba.esteri.it\/it\/wp-json\/wp\/v2\/users\/1"}],"replies":[{"embeddable":true,"href":"https:\/\/iicaddisabeba.esteri.it\/it\/wp-json\/wp\/v2\/comments?post=41"}],"version-history":[{"count":6,"href":"https:\/\/iicaddisabeba.esteri.it\/it\/wp-json\/wp\/v2\/pages\/41\/revisions"}],"predecessor-version":[{"id":1925,"href":"https:\/\/iicaddisabeba.esteri.it\/it\/wp-json\/wp\/v2\/pages\/41\/revisions\/1925"}],"up":[{"embeddable":true,"href":"https:\/\/iicaddisabeba.esteri.it\/it\/wp-json\/wp\/v2\/pages\/15"}],"wp:attachment":[{"href":"https:\/\/iicaddisabeba.esteri.it\/it\/wp-json\/wp\/v2\/media?parent=41"}],"curies":[{"name":"wp","href":"https:\/\/api.w.org\/{rel}","templated":true}]}}