{"id":39,"date":"2023-04-03T20:54:50","date_gmt":"2023-04-03T18:54:50","guid":{"rendered":"https:\/\/istitutobuenosaires.esteri.it\/?page_id=39"},"modified":"2024-09-20T11:40:46","modified_gmt":"2024-09-20T08:40:46","slug":"il-personale","status":"publish","type":"page","link":"https:\/\/iicaddisabeba.esteri.it\/it\/chi-siamo\/il-personale\/","title":{"rendered":"Il personale"},"content":{"rendered":"<p><strong>Semen Kumurzhi<\/strong><br \/>\nDirettore dell&#8217;Istituto Italiano di Cultura di Addis Abeba<br \/>\nAddetto culturale dell&#8217;Ambasciata d&#8217;Italia ad Addis Abeba<\/p>\n<p><strong>D\u00e9sir\u00e9e Soligno<\/strong><br \/>\nAmministrazione e contabilit\u00e0<\/p>\n<p><strong>Miriam Andu<\/strong><br \/>\nSegreteria, Pubbliche relazioni, Rapporti con autorit\u00e0 ed istituzioni, Borse di studio, Corsi di lingua<\/p>\n<p><strong>Laura Antonetti<\/strong><br \/>\nAttivita&#8217; culturali<\/p>\n<p><strong>Frezer Getachew<\/strong><br \/>\nCommesso, autista, assistenza alle manifestazioni culturali<\/p>\n","protected":false},"excerpt":{"rendered":"Semen Kumurzhi Direttore dell&#8217;Istituto Italiano di Cultura di Addis Abeba Addetto culturale dell&#8217;Ambasciata d&#8217;Italia ad Addis Abeba D\u00e9sir\u00e9e Soligno Amministrazione e contabilit\u00e0 Miriam Andu Segreteria, Pubbliche relazioni, Rapporti con autorit\u00e0 ed istituzioni, Borse di studio, Corsi di lingua Laura Antonetti Attivita&#8217; culturali Frezer Getachew Commesso, autista, assistenza alle manifestazioni culturali","protected":false},"author":1,"featured_media":0,"parent":15,"menu_order":0,"comment_status":"closed","ping_status":"closed","template":"","meta":{"footnotes":""},"class_list":["post-39","page","type-page","status-publish","hentry"],"_links":{"self":[{"href":"https:\/\/iicaddisabeba.esteri.it\/it\/wp-json\/wp\/v2\/pages\/39","targetHints":{"allow":["GET"]}}],"collection":[{"href":"https:\/\/iicaddisabeba.esteri.it\/it\/wp-json\/wp\/v2\/pages"}],"about":[{"href":"https:\/\/iicaddisabeba.esteri.it\/it\/wp-json\/wp\/v2\/types\/page"}],"author":[{"embeddable":true,"href":"https:\/\/iicaddisabeba.esteri.it\/it\/wp-json\/wp\/v2\/users\/1"}],"replies":[{"embeddable":true,"href":"https:\/\/iicaddisabeba.esteri.it\/it\/wp-json\/wp\/v2\/comments?post=39"}],"version-history":[{"count":3,"href":"https:\/\/iicaddisabeba.esteri.it\/it\/wp-json\/wp\/v2\/pages\/39\/revisions"}],"predecessor-version":[{"id":1432,"href":"https:\/\/iicaddisabeba.esteri.it\/it\/wp-json\/wp\/v2\/pages\/39\/revisions\/1432"}],"up":[{"embeddable":true,"href":"https:\/\/iicaddisabeba.esteri.it\/it\/wp-json\/wp\/v2\/pages\/15"}],"wp:attachment":[{"href":"https:\/\/iicaddisabeba.esteri.it\/it\/wp-json\/wp\/v2\/media?parent=39"}],"curies":[{"name":"wp","href":"https:\/\/api.w.org\/{rel}","templated":true}]}}