{"id":75,"date":"2023-04-03T20:54:50","date_gmt":"2023-04-03T17:54:50","guid":{"rendered":"https:\/\/iicaddisabeba.esteri.it\/chi-siamo\/il-personale\/"},"modified":"2023-09-25T12:34:21","modified_gmt":"2023-09-25T09:34:21","slug":"il-personale","status":"publish","type":"page","link":"https:\/\/iicaddisabeba.esteri.it\/en\/chi-siamo\/il-personale\/","title":{"rendered":"Staff"},"content":{"rendered":"<p><strong>Semen Kumurzhi<\/strong><\/p>\n<p>Director of the Italian Cultural Instiute in Addis Ababa<\/p>\n<p>Cultural Attach\u00e9 of the Embassy of Italy in Addis Ababa<\/p>\n<p><strong>D\u00e9sir\u00e9e Soligno<\/strong><br \/>\nAccountant<\/p>\n<p><strong>Miriam Andu<\/strong><br \/>\nSecretariat, PR, scholarshiops, language courses<\/p>\n<p><strong>Laura Antonetti<\/strong><br \/>\nCultural activity<\/p>\n<p><strong>Ermelinda Le Piane<\/strong><br \/>\nCommunication, external services<\/p>\n<p><strong>Alemnesh Habtemariam<\/strong><\/p>\n<p>Library<\/p>\n<p><strong>Frezer Getachew<\/strong><br \/>\nDriver, technical assistance<\/p>\n<p><strong>Tsegai Fanta<\/strong><br \/>\nMaintenance and gardening<\/p>\n","protected":false},"excerpt":{"rendered":"Semen Kumurzhi Director of the Italian Cultural Instiute in Addis Ababa Cultural Attach\u00e9 of the Embassy of Italy in Addis Ababa D\u00e9sir\u00e9e Soligno Accountant Miriam Andu Secretariat, PR, scholarshiops, language courses Laura Antonetti Cultural activity Ermelinda Le Piane Communication, external services Alemnesh Habtemariam Library Frezer Getachew Driver, technical assistance Tsegai Fanta Maintenance and gardening","protected":false},"author":1,"featured_media":0,"parent":74,"menu_order":0,"comment_status":"closed","ping_status":"closed","template":"","meta":{"footnotes":""},"class_list":["post-75","page","type-page","status-publish","hentry"],"_links":{"self":[{"href":"https:\/\/iicaddisabeba.esteri.it\/en\/wp-json\/wp\/v2\/pages\/75","targetHints":{"allow":["GET"]}}],"collection":[{"href":"https:\/\/iicaddisabeba.esteri.it\/en\/wp-json\/wp\/v2\/pages"}],"about":[{"href":"https:\/\/iicaddisabeba.esteri.it\/en\/wp-json\/wp\/v2\/types\/page"}],"author":[{"embeddable":true,"href":"https:\/\/iicaddisabeba.esteri.it\/en\/wp-json\/wp\/v2\/users\/1"}],"replies":[{"embeddable":true,"href":"https:\/\/iicaddisabeba.esteri.it\/en\/wp-json\/wp\/v2\/comments?post=75"}],"version-history":[{"count":2,"href":"https:\/\/iicaddisabeba.esteri.it\/en\/wp-json\/wp\/v2\/pages\/75\/revisions"}],"predecessor-version":[{"id":197,"href":"https:\/\/iicaddisabeba.esteri.it\/en\/wp-json\/wp\/v2\/pages\/75\/revisions\/197"}],"up":[{"embeddable":true,"href":"https:\/\/iicaddisabeba.esteri.it\/en\/wp-json\/wp\/v2\/pages\/74"}],"wp:attachment":[{"href":"https:\/\/iicaddisabeba.esteri.it\/en\/wp-json\/wp\/v2\/media?parent=75"}],"curies":[{"name":"wp","href":"https:\/\/api.w.org\/{rel}","templated":true}]}}